{"id":301,"date":"2020-04-15T14:19:17","date_gmt":"2020-04-15T12:19:17","guid":{"rendered":"http:\/\/www.xn--ggg-sna.at\/wordpress\/?page_id=301"},"modified":"2020-06-10T16:32:39","modified_gmt":"2020-06-10T14:32:39","slug":"impressum","status":"publish","type":"page","link":"https:\/\/www.xn--ggg-sna.at\/wordpress\/?page_id=301","title":{"rendered":"Impressum"},"content":{"rendered":"\n<h1 class=\"wp-block-heading\">IMPRESSUM<\/h1>\n\n\n\n<p>Informationspflicht lt. \u00a75 E-Commerce Gesetz,<br>\u00a714 Unternehmensgesetzbuch bzw. \u00a763 Gewerbeordnung und<br>Offenlegungspflicht lt. \u00a725 Mediengesetz<\/p>\n\n\n\n<p>Inhaber der Website: <br><\/p>\n\n\n\n<p>OBST &amp; WEINHOF<br><br>Petra u. Karl G\u00f6gg<br>Gersdorf 13<br>8524 Deutschlandsberg<\/p>\n\n\n\n<p>Mobil: +43(0)664 37 20 265<br>Mail: office@g\u00f6gg.at<br>www.g\u00f6gg.at<\/p>\n\n\n\n<p><\/p>\n\n\n\n<p><\/p>\n\n\n\n<p>Grundlegende Richtung des Druckwerkes: Die Website und die \u00fcber die Website beziehbaren kostenlosen Newsletter dienen der Information \u00fcber Produkte, Aktivit\u00e4ten und Meinungen der Website-Inhaber.<\/p>\n\n\n\n<p>Genderneutrale\/Geschlechtsneutrale Schreibweise<\/p>\n\n\n\n<p>Aus Gr\u00fcnden der besseren Lesbarkeit wird auf unserer Website, auch Webseite, Internetsite oder Homepage genannt, auf die gleichzeitige Verwendung m\u00e4nnlicher und weiblicher Sprachformen verzichtet. S\u00e4mtliche Bezeichnungen gelten gleichwohl f\u00fcr beiderlei Geschlecht.<\/p>\n\n\n\n<p><strong>RECHTLICHE HINWEISE ZUR WEBSITE<\/strong><\/p>\n\n\n\n<p>Haftung f\u00fcr Inhalte<\/p>\n\n\n\n<p>Die Inhalte unserer Seiten wurden mit gr\u00f6\u00dfter Sorgfalt erstellt. F\u00fcr die Richtigkeit, Vollst\u00e4ndigkeit und Aktualit\u00e4t der Inhalte k\u00f6nnen wir jedoch keine Gew\u00e4hr \u00fcbernehmen. Als Diensteanbieter sind wir gem\u00e4\u00df \u00a7 6 Abs.1 MDStV und \u00a7 8 Abs.1 TDG f\u00fcr eigene Inhalte auf diesen Seiten nach den allgemeinen Gesetzen verantwortlich. Diensteanbieter sind jedoch nicht verpflichtet, die von ihnen \u00fcbermittelten oder gespeicherten fremden Informationen zu \u00fcberwachen oder nach Umst\u00e4nden zu forschen, die auf eine rechtswidrige T\u00e4tigkeit hinweisen. Verpflichtungen zur Entfernung oder Sperrung der Nutzung von Informationen nach den allgemeinen Gesetzen bleiben hiervon unber\u00fchrt. Eine diesbez\u00fcgliche Haftung ist jedoch erst ab dem Zeitpunkt der Kenntnis einer konkreten Rechtsverletzung m\u00f6glich. Bei bekannt werden von entsprechenden Rechtsverletzungen werden wir diese Inhalte umgehend entfernen.<\/p>\n\n\n\n<p>Haftung f\u00fcr Links<\/p>\n\n\n\n<p>Unser Angebot enth\u00e4lt Links zu externen Webseiten Dritter, auf deren Inhalte wir keinen Einfluss haben. Deshalb k\u00f6nnen wir f\u00fcr diese fremden Inhalte auch keine Gew\u00e4hr \u00fcbernehmen. F\u00fcr die Inhalte der verlinkten Seiten ist stets der jeweilige Anbieter oder Betreiber der Seiten verantwortlich. Die verlinkten Seiten wurden zum Zeitpunkt der Verlinkung auf m\u00f6gliche Rechtsverst\u00f6\u00dfe \u00fcberpr\u00fcft. Rechtswidrige Inhalte waren zum Zeitpunkt der Verlinkung nicht erkennbar. Eine permanente inhaltliche Kontrolle der verlinkten Seiten ist jedoch ohne konkrete Anhaltspunkte einer Rechtsverletzung nicht zumutbar. Bei Bekanntwerden von Rechtsverletzungen werden wir derartige Links umgehend entfernen.<\/p>\n\n\n\n<p>\u00d6sterreichisches Urheberrecht<\/p>\n\n\n\n<p>Die durch die Seitenbetreiber erstellten Inhalte und Werke auf diesen Seiten unterliegen dem \u00f6sterreichischen Urheberrecht. Die Vervielf\u00e4ltigung, Bearbeitung, Verbreitung und jede Art der Verwertung au\u00dferhalb der Grenzen des Urheberrechtes bed\u00fcrfen der schriftlichen Zustimmung des jeweiligen Autors bzw. Erstellers. Downloads und Kopien dieser Seite sind nur f\u00fcr den privaten, nicht kommerziellen Gebrauch gestattet. Soweit die Inhalte auf dieser Seite nicht vom Betreiber erstellt wurden, werden die Urheberrechte Dritter beachtet. Insbesondere werden Inhalte Dritter als solche gekennzeichnet. Sollten Sie trotzdem auf eine Urheberrechtsverletzung aufmerksam werden, bitten wir um einen entsprechenden Hinweis. Bei Bekanntwerden von Rechtsverletzungen werden wir derartige Inhalte umgehend entfernen.<\/p>\n\n\n\n<p><strong>Fotorechte:<\/strong>&nbsp;Fam. G\u00f6gg, pixabay<\/p>\n","protected":false},"excerpt":{"rendered":"<p>IMPRESSUM Informationspflicht lt. \u00a75 E-Commerce Gesetz,\u00a714 Unternehmensgesetzbuch bzw. \u00a763 Gewerbeordnung undOffenlegungspflicht lt. \u00a725 Mediengesetz Inhaber der Website: OBST &amp; WEINHOF Petra u. Karl G\u00f6ggGersdorf 138524 Deutschlandsberg Mobil: +43(0)664 37 20 265Mail: office@g\u00f6gg.atwww.g\u00f6gg.at Grundlegende Richtung des Druckwerkes: Die Website und die \u00fcber die Website beziehbaren kostenlosen Newsletter dienen der Information \u00fcber Produkte, Aktivit\u00e4ten und Meinungen der [&hellip;]<\/p>\n","protected":false},"author":1,"featured_media":0,"parent":0,"menu_order":0,"comment_status":"closed","ping_status":"closed","template":"","meta":{"site-sidebar-layout":"no-sidebar","site-content-layout":"default","ast-site-content-layout":"default","site-content-style":"default","site-sidebar-style":"default","ast-global-header-display":"","ast-banner-title-visibility":"","ast-main-header-display":"","ast-hfb-above-header-display":"","ast-hfb-below-header-display":"","ast-hfb-mobile-header-display":"","site-post-title":"","ast-breadcrumbs-content":"","ast-featured-img":"","footer-sml-layout":"","ast-disable-related-posts":"","theme-transparent-header-meta":"default","adv-header-id-meta":"","stick-header-meta":"","header-above-stick-meta":"","header-main-stick-meta":"","header-below-stick-meta":"","astra-migrate-meta-layouts":"default","ast-page-background-enabled":"default","ast-page-background-meta":{"desktop":{"background-color":"","background-image":"","background-repeat":"repeat","background-position":"center center","background-size":"auto","background-attachment":"scroll","background-type":"","background-media":"","overlay-type":"","overlay-color":"","overlay-opacity":"","overlay-gradient":""},"tablet":{"background-color":"","background-image":"","background-repeat":"repeat","background-position":"center center","background-size":"auto","background-attachment":"scroll","background-type":"","background-media":"","overlay-type":"","overlay-color":"","overlay-opacity":"","overlay-gradient":""},"mobile":{"background-color":"","background-image":"","background-repeat":"repeat","background-position":"center center","background-size":"auto","background-attachment":"scroll","background-type":"","background-media":"","overlay-type":"","overlay-color":"","overlay-opacity":"","overlay-gradient":""}},"ast-content-background-meta":{"desktop":{"background-color":"var(--ast-global-color-5)","background-image":"","background-repeat":"repeat","background-position":"center center","background-size":"auto","background-attachment":"scroll","background-type":"","background-media":"","overlay-type":"","overlay-color":"","overlay-opacity":"","overlay-gradient":""},"tablet":{"background-color":"var(--ast-global-color-5)","background-image":"","background-repeat":"repeat","background-position":"center center","background-size":"auto","background-attachment":"scroll","background-type":"","background-media":"","overlay-type":"","overlay-color":"","overlay-opacity":"","overlay-gradient":""},"mobile":{"background-color":"var(--ast-global-color-5)","background-image":"","background-repeat":"repeat","background-position":"center center","background-size":"auto","background-attachment":"scroll","background-type":"","background-media":"","overlay-type":"","overlay-color":"","overlay-opacity":"","overlay-gradient":""}},"footnotes":""},"class_list":["post-301","page","type-page","status-publish","hentry"],"_links":{"self":[{"href":"https:\/\/www.xn--ggg-sna.at\/wordpress\/index.php?rest_route=\/wp\/v2\/pages\/301","targetHints":{"allow":["GET"]}}],"collection":[{"href":"https:\/\/www.xn--ggg-sna.at\/wordpress\/index.php?rest_route=\/wp\/v2\/pages"}],"about":[{"href":"https:\/\/www.xn--ggg-sna.at\/wordpress\/index.php?rest_route=\/wp\/v2\/types\/page"}],"author":[{"embeddable":true,"href":"https:\/\/www.xn--ggg-sna.at\/wordpress\/index.php?rest_route=\/wp\/v2\/users\/1"}],"replies":[{"embeddable":true,"href":"https:\/\/www.xn--ggg-sna.at\/wordpress\/index.php?rest_route=%2Fwp%2Fv2%2Fcomments&post=301"}],"version-history":[{"count":6,"href":"https:\/\/www.xn--ggg-sna.at\/wordpress\/index.php?rest_route=\/wp\/v2\/pages\/301\/revisions"}],"predecessor-version":[{"id":478,"href":"https:\/\/www.xn--ggg-sna.at\/wordpress\/index.php?rest_route=\/wp\/v2\/pages\/301\/revisions\/478"}],"wp:attachment":[{"href":"https:\/\/www.xn--ggg-sna.at\/wordpress\/index.php?rest_route=%2Fwp%2Fv2%2Fmedia&parent=301"}],"curies":[{"name":"wp","href":"https:\/\/api.w.org\/{rel}","templated":true}]}}